{"id":1841,"date":"2025-01-03T11:24:22","date_gmt":"2025-01-03T10:24:22","guid":{"rendered":"https:\/\/nordicprocurement.se\/no-cure-no-pay\/"},"modified":"2025-01-30T09:20:05","modified_gmt":"2025-01-30T08:20:05","slug":"no-cure-no-pay","status":"publish","type":"page","link":"https:\/\/nordicprocurement.se\/no\/no-cure-no-pay\/","title":{"rendered":"No Cure No Pay (Norska)"},"content":{"rendered":"","protected":false},"excerpt":{"rendered":"","protected":false},"author":1,"featured_media":0,"parent":0,"menu_order":0,"comment_status":"closed","ping_status":"closed","template":"","meta":{"_acf_changed":false,"footnotes":""},"class_list":["post-1841","page","type-page","status-publish","hentry"],"acf":[],"yoast_head":"<!-- This site is optimized with the Yoast SEO plugin v25.3.1 - https:\/\/yoast.com\/wordpress\/plugins\/seo\/ -->\n<title>No Cure No Pay-modell for kj\u00f8p av tjenester - Nordic Procurement<\/title>\n<meta name=\"description\" content=\"Betala endast om vi lyckas spara pengar \u00e5t dig! Nordic Procurement erbjuder No Cure No Pay-modellen f\u00f6r kostnadseffektiva ink\u00f6p och upphandlingar.\" \/>\n<meta name=\"robots\" content=\"index, follow, max-snippet:-1, max-image-preview:large, max-video-preview:-1\" \/>\n<link rel=\"canonical\" href=\"https:\/\/nordicprocurement.se\/no\/no-cure-no-pay\/\" \/>\n<meta property=\"og:locale\" content=\"nb_NO\" \/>\n<meta property=\"og:type\" content=\"article\" \/>\n<meta property=\"og:title\" content=\"No Cure No Pay-modell for kj\u00f8p av tjenester - Nordic Procurement\" \/>\n<meta property=\"og:description\" content=\"Betala endast om vi lyckas spara pengar \u00e5t dig! Nordic Procurement erbjuder No Cure No Pay-modellen f\u00f6r kostnadseffektiva ink\u00f6p och upphandlingar.\" \/>\n<meta property=\"og:url\" content=\"https:\/\/nordicprocurement.se\/no\/no-cure-no-pay\/\" \/>\n<meta property=\"og:site_name\" content=\"Nordic Procurement\" \/>\n<meta property=\"article:modified_time\" content=\"2025-01-30T08:20:05+00:00\" \/>\n<meta property=\"og:image\" content=\"https:\/\/nordicprocurement.se\/wp-content\/uploads\/2025\/01\/share-image-nordic-procurement-white.jpg\" \/>\n\t<meta property=\"og:image:width\" content=\"1200\" \/>\n\t<meta property=\"og:image:height\" content=\"630\" \/>\n\t<meta property=\"og:image:type\" content=\"image\/jpeg\" \/>\n<meta name=\"twitter:card\" content=\"summary_large_image\" \/>\n<meta name=\"twitter:label1\" content=\"Est. reading time\" \/>\n\t<meta name=\"twitter:data1\" content=\"1 minute\" \/>\n<script type=\"application\/ld+json\" class=\"yoast-schema-graph\">{\"@context\":\"https:\/\/schema.org\",\"@graph\":[{\"@type\":\"WebPage\",\"@id\":\"https:\/\/nordicprocurement.se\/no\/no-cure-no-pay\/\",\"url\":\"https:\/\/nordicprocurement.se\/no\/no-cure-no-pay\/\",\"name\":\"No Cure No Pay-modell for kj\u00f8p av tjenester - Nordic Procurement\",\"isPartOf\":{\"@id\":\"https:\/\/nordicprocurement.se\/#website\"},\"datePublished\":\"2025-01-03T10:24:22+00:00\",\"dateModified\":\"2025-01-30T08:20:05+00:00\",\"description\":\"Betala endast om vi lyckas spara pengar \u00e5t dig! Nordic Procurement erbjuder No Cure No Pay-modellen f\u00f6r kostnadseffektiva ink\u00f6p och upphandlingar.\",\"breadcrumb\":{\"@id\":\"https:\/\/nordicprocurement.se\/no\/no-cure-no-pay\/#breadcrumb\"},\"inLanguage\":\"nb-NO\",\"potentialAction\":[{\"@type\":\"ReadAction\",\"target\":[\"https:\/\/nordicprocurement.se\/no\/no-cure-no-pay\/\"]}]},{\"@type\":\"BreadcrumbList\",\"@id\":\"https:\/\/nordicprocurement.se\/no\/no-cure-no-pay\/#breadcrumb\",\"itemListElement\":[{\"@type\":\"ListItem\",\"position\":1,\"name\":\"Home\",\"item\":\"https:\/\/nordicprocurement.se\/no\/\"},{\"@type\":\"ListItem\",\"position\":2,\"name\":\"No Cure No Pay (Norska)\"}]},{\"@type\":\"WebSite\",\"@id\":\"https:\/\/nordicprocurement.se\/#website\",\"url\":\"https:\/\/nordicprocurement.se\/\",\"name\":\"Nordic Procurement\",\"description\":\"Ink\u00f6p och upphandlingar\",\"publisher\":{\"@id\":\"https:\/\/nordicprocurement.se\/#organization\"},\"potentialAction\":[{\"@type\":\"SearchAction\",\"target\":{\"@type\":\"EntryPoint\",\"urlTemplate\":\"https:\/\/nordicprocurement.se\/?s={search_term_string}\"},\"query-input\":{\"@type\":\"PropertyValueSpecification\",\"valueRequired\":true,\"valueName\":\"search_term_string\"}}],\"inLanguage\":\"nb-NO\"},{\"@type\":\"Organization\",\"@id\":\"https:\/\/nordicprocurement.se\/#organization\",\"name\":\"Nordic Procurement\",\"url\":\"https:\/\/nordicprocurement.se\/\",\"logo\":{\"@type\":\"ImageObject\",\"inLanguage\":\"nb-NO\",\"@id\":\"https:\/\/nordicprocurement.se\/#\/schema\/logo\/image\/\",\"url\":\"https:\/\/nordicprocurement.se\/wp-content\/uploads\/2025\/01\/share-image-nordic-procurement-white.jpg\",\"contentUrl\":\"https:\/\/nordicprocurement.se\/wp-content\/uploads\/2025\/01\/share-image-nordic-procurement-white.jpg\",\"width\":1200,\"height\":630,\"caption\":\"Nordic Procurement\"},\"image\":{\"@id\":\"https:\/\/nordicprocurement.se\/#\/schema\/logo\/image\/\"},\"sameAs\":[\"https:\/\/www.linkedin.com\/company\/nordic-procurement-ab\/\"]}]}<\/script>\n<!-- \/ Yoast SEO plugin. -->","yoast_head_json":{"title":"No Cure No Pay-modell for kj\u00f8p av tjenester - Nordic Procurement","description":"Betala endast om vi lyckas spara pengar \u00e5t dig! Nordic Procurement erbjuder No Cure No Pay-modellen f\u00f6r kostnadseffektiva ink\u00f6p och upphandlingar.","robots":{"index":"index","follow":"follow","max-snippet":"max-snippet:-1","max-image-preview":"max-image-preview:large","max-video-preview":"max-video-preview:-1"},"canonical":"https:\/\/nordicprocurement.se\/no\/no-cure-no-pay\/","og_locale":"nb_NO","og_type":"article","og_title":"No Cure No Pay-modell for kj\u00f8p av tjenester - Nordic Procurement","og_description":"Betala endast om vi lyckas spara pengar \u00e5t dig! Nordic Procurement erbjuder No Cure No Pay-modellen f\u00f6r kostnadseffektiva ink\u00f6p och upphandlingar.","og_url":"https:\/\/nordicprocurement.se\/no\/no-cure-no-pay\/","og_site_name":"Nordic Procurement","article_modified_time":"2025-01-30T08:20:05+00:00","og_image":[{"width":1200,"height":630,"url":"https:\/\/nordicprocurement.se\/wp-content\/uploads\/2025\/01\/share-image-nordic-procurement-white.jpg","type":"image\/jpeg"}],"twitter_card":"summary_large_image","twitter_misc":{"Est. reading time":"1 minute"},"schema":{"@context":"https:\/\/schema.org","@graph":[{"@type":"WebPage","@id":"https:\/\/nordicprocurement.se\/no\/no-cure-no-pay\/","url":"https:\/\/nordicprocurement.se\/no\/no-cure-no-pay\/","name":"No Cure No Pay-modell for kj\u00f8p av tjenester - Nordic Procurement","isPartOf":{"@id":"https:\/\/nordicprocurement.se\/#website"},"datePublished":"2025-01-03T10:24:22+00:00","dateModified":"2025-01-30T08:20:05+00:00","description":"Betala endast om vi lyckas spara pengar \u00e5t dig! Nordic Procurement erbjuder No Cure No Pay-modellen f\u00f6r kostnadseffektiva ink\u00f6p och upphandlingar.","breadcrumb":{"@id":"https:\/\/nordicprocurement.se\/no\/no-cure-no-pay\/#breadcrumb"},"inLanguage":"nb-NO","potentialAction":[{"@type":"ReadAction","target":["https:\/\/nordicprocurement.se\/no\/no-cure-no-pay\/"]}]},{"@type":"BreadcrumbList","@id":"https:\/\/nordicprocurement.se\/no\/no-cure-no-pay\/#breadcrumb","itemListElement":[{"@type":"ListItem","position":1,"name":"Home","item":"https:\/\/nordicprocurement.se\/no\/"},{"@type":"ListItem","position":2,"name":"No Cure No Pay (Norska)"}]},{"@type":"WebSite","@id":"https:\/\/nordicprocurement.se\/#website","url":"https:\/\/nordicprocurement.se\/","name":"Nordic Procurement","description":"Ink\u00f6p och upphandlingar","publisher":{"@id":"https:\/\/nordicprocurement.se\/#organization"},"potentialAction":[{"@type":"SearchAction","target":{"@type":"EntryPoint","urlTemplate":"https:\/\/nordicprocurement.se\/?s={search_term_string}"},"query-input":{"@type":"PropertyValueSpecification","valueRequired":true,"valueName":"search_term_string"}}],"inLanguage":"nb-NO"},{"@type":"Organization","@id":"https:\/\/nordicprocurement.se\/#organization","name":"Nordic Procurement","url":"https:\/\/nordicprocurement.se\/","logo":{"@type":"ImageObject","inLanguage":"nb-NO","@id":"https:\/\/nordicprocurement.se\/#\/schema\/logo\/image\/","url":"https:\/\/nordicprocurement.se\/wp-content\/uploads\/2025\/01\/share-image-nordic-procurement-white.jpg","contentUrl":"https:\/\/nordicprocurement.se\/wp-content\/uploads\/2025\/01\/share-image-nordic-procurement-white.jpg","width":1200,"height":630,"caption":"Nordic Procurement"},"image":{"@id":"https:\/\/nordicprocurement.se\/#\/schema\/logo\/image\/"},"sameAs":["https:\/\/www.linkedin.com\/company\/nordic-procurement-ab\/"]}]}},"_links":{"self":[{"href":"https:\/\/nordicprocurement.se\/no\/wp-json\/wp\/v2\/pages\/1841","targetHints":{"allow":["GET"]}}],"collection":[{"href":"https:\/\/nordicprocurement.se\/no\/wp-json\/wp\/v2\/pages"}],"about":[{"href":"https:\/\/nordicprocurement.se\/no\/wp-json\/wp\/v2\/types\/page"}],"author":[{"embeddable":true,"href":"https:\/\/nordicprocurement.se\/no\/wp-json\/wp\/v2\/users\/1"}],"replies":[{"embeddable":true,"href":"https:\/\/nordicprocurement.se\/no\/wp-json\/wp\/v2\/comments?post=1841"}],"version-history":[{"count":4,"href":"https:\/\/nordicprocurement.se\/no\/wp-json\/wp\/v2\/pages\/1841\/revisions"}],"predecessor-version":[{"id":2251,"href":"https:\/\/nordicprocurement.se\/no\/wp-json\/wp\/v2\/pages\/1841\/revisions\/2251"}],"wp:attachment":[{"href":"https:\/\/nordicprocurement.se\/no\/wp-json\/wp\/v2\/media?parent=1841"}],"curies":[{"name":"wp","href":"https:\/\/api.w.org\/{rel}","templated":true}]}}