{"id":1645,"date":"2025-01-03T13:17:52","date_gmt":"2025-01-03T12:17:52","guid":{"rendered":"https:\/\/nordicprocurement.se\/tjenester\/interimsuppdrag\/"},"modified":"2025-01-23T16:40:37","modified_gmt":"2025-01-23T15:40:37","slug":"interimopgaver","status":"publish","type":"page","link":"https:\/\/nordicprocurement.se\/da\/tjenester\/interimopgaver\/","title":{"rendered":"Interimsuppdrag (Danish)"},"content":{"rendered":"","protected":false},"excerpt":{"rendered":"","protected":false},"author":1,"featured_media":0,"parent":1634,"menu_order":0,"comment_status":"closed","ping_status":"closed","template":"","meta":{"_acf_changed":false,"footnotes":""},"class_list":["post-1645","page","type-page","status-publish","hentry"],"acf":[],"yoast_head":"<!-- This site is optimized with the Yoast SEO plugin v25.3.1 - https:\/\/yoast.com\/wordpress\/plugins\/seo\/ -->\n<title>Indk\u00f8bskonsulent til omkostningseffektive indk\u00f8b - Nordic Procurement<\/title>\n<meta name=\"description\" content=\"V\u00e5ra ink\u00f6pskonsulter hj\u00e4lper dig att optimera ink\u00f6p och avtal. Effektivisera processerna och minska kostnaderna med experthj\u00e4lp fr\u00e5n oss.\" \/>\n<meta name=\"robots\" content=\"index, follow, max-snippet:-1, max-image-preview:large, max-video-preview:-1\" \/>\n<link rel=\"canonical\" href=\"https:\/\/nordicprocurement.se\/da\/tjenester\/interimopgaver\/\" \/>\n<meta property=\"og:locale\" content=\"da_DK\" \/>\n<meta property=\"og:type\" content=\"article\" \/>\n<meta property=\"og:title\" content=\"Indk\u00f8bskonsulent til omkostningseffektive indk\u00f8b - Nordic Procurement\" \/>\n<meta property=\"og:description\" content=\"V\u00e5ra ink\u00f6pskonsulter hj\u00e4lper dig att optimera ink\u00f6p och avtal. Effektivisera processerna och minska kostnaderna med experthj\u00e4lp fr\u00e5n oss.\" \/>\n<meta property=\"og:url\" content=\"https:\/\/nordicprocurement.se\/da\/tjenester\/interimopgaver\/\" \/>\n<meta property=\"og:site_name\" content=\"Nordic Procurement\" \/>\n<meta property=\"article:modified_time\" content=\"2025-01-23T15:40:37+00:00\" \/>\n<meta property=\"og:image\" content=\"https:\/\/nordicprocurement.se\/wp-content\/uploads\/2025\/01\/share-image-nordic-procurement-white.jpg\" \/>\n\t<meta property=\"og:image:width\" content=\"1200\" \/>\n\t<meta property=\"og:image:height\" content=\"630\" \/>\n\t<meta property=\"og:image:type\" content=\"image\/jpeg\" \/>\n<meta name=\"twitter:card\" content=\"summary_large_image\" \/>\n<meta name=\"twitter:label1\" content=\"Est. reading time\" \/>\n\t<meta name=\"twitter:data1\" content=\"1 minute\" \/>\n<script type=\"application\/ld+json\" class=\"yoast-schema-graph\">{\"@context\":\"https:\/\/schema.org\",\"@graph\":[{\"@type\":\"WebPage\",\"@id\":\"https:\/\/nordicprocurement.se\/da\/tjenester\/interimopgaver\/\",\"url\":\"https:\/\/nordicprocurement.se\/da\/tjenester\/interimopgaver\/\",\"name\":\"Indk\u00f8bskonsulent til omkostningseffektive indk\u00f8b - Nordic Procurement\",\"isPartOf\":{\"@id\":\"https:\/\/nordicprocurement.se\/#website\"},\"datePublished\":\"2025-01-03T12:17:52+00:00\",\"dateModified\":\"2025-01-23T15:40:37+00:00\",\"description\":\"V\u00e5ra ink\u00f6pskonsulter hj\u00e4lper dig att optimera ink\u00f6p och avtal. Effektivisera processerna och minska kostnaderna med experthj\u00e4lp fr\u00e5n oss.\",\"breadcrumb\":{\"@id\":\"https:\/\/nordicprocurement.se\/da\/tjenester\/interimopgaver\/#breadcrumb\"},\"inLanguage\":\"da-DK\",\"potentialAction\":[{\"@type\":\"ReadAction\",\"target\":[\"https:\/\/nordicprocurement.se\/da\/tjenester\/interimopgaver\/\"]}]},{\"@type\":\"BreadcrumbList\",\"@id\":\"https:\/\/nordicprocurement.se\/da\/tjenester\/interimopgaver\/#breadcrumb\",\"itemListElement\":[{\"@type\":\"ListItem\",\"position\":1,\"name\":\"Home\",\"item\":\"https:\/\/nordicprocurement.se\/da\/\"},{\"@type\":\"ListItem\",\"position\":2,\"name\":\"Tj\u00e4nster (Danish)\",\"item\":\"https:\/\/nordicprocurement.se\/da\/tjenester\/\"},{\"@type\":\"ListItem\",\"position\":3,\"name\":\"Interimsuppdrag (Danish)\"}]},{\"@type\":\"WebSite\",\"@id\":\"https:\/\/nordicprocurement.se\/#website\",\"url\":\"https:\/\/nordicprocurement.se\/\",\"name\":\"Nordic Procurement\",\"description\":\"Ink\u00f6p och upphandlingar\",\"publisher\":{\"@id\":\"https:\/\/nordicprocurement.se\/#organization\"},\"potentialAction\":[{\"@type\":\"SearchAction\",\"target\":{\"@type\":\"EntryPoint\",\"urlTemplate\":\"https:\/\/nordicprocurement.se\/?s={search_term_string}\"},\"query-input\":{\"@type\":\"PropertyValueSpecification\",\"valueRequired\":true,\"valueName\":\"search_term_string\"}}],\"inLanguage\":\"da-DK\"},{\"@type\":\"Organization\",\"@id\":\"https:\/\/nordicprocurement.se\/#organization\",\"name\":\"Nordic Procurement\",\"url\":\"https:\/\/nordicprocurement.se\/\",\"logo\":{\"@type\":\"ImageObject\",\"inLanguage\":\"da-DK\",\"@id\":\"https:\/\/nordicprocurement.se\/#\/schema\/logo\/image\/\",\"url\":\"https:\/\/nordicprocurement.se\/wp-content\/uploads\/2025\/01\/share-image-nordic-procurement-white.jpg\",\"contentUrl\":\"https:\/\/nordicprocurement.se\/wp-content\/uploads\/2025\/01\/share-image-nordic-procurement-white.jpg\",\"width\":1200,\"height\":630,\"caption\":\"Nordic Procurement\"},\"image\":{\"@id\":\"https:\/\/nordicprocurement.se\/#\/schema\/logo\/image\/\"},\"sameAs\":[\"https:\/\/www.linkedin.com\/company\/nordic-procurement-ab\/\"]}]}<\/script>\n<!-- \/ Yoast SEO plugin. -->","yoast_head_json":{"title":"Indk\u00f8bskonsulent til omkostningseffektive indk\u00f8b - Nordic Procurement","description":"V\u00e5ra ink\u00f6pskonsulter hj\u00e4lper dig att optimera ink\u00f6p och avtal. Effektivisera processerna och minska kostnaderna med experthj\u00e4lp fr\u00e5n oss.","robots":{"index":"index","follow":"follow","max-snippet":"max-snippet:-1","max-image-preview":"max-image-preview:large","max-video-preview":"max-video-preview:-1"},"canonical":"https:\/\/nordicprocurement.se\/da\/tjenester\/interimopgaver\/","og_locale":"da_DK","og_type":"article","og_title":"Indk\u00f8bskonsulent til omkostningseffektive indk\u00f8b - Nordic Procurement","og_description":"V\u00e5ra ink\u00f6pskonsulter hj\u00e4lper dig att optimera ink\u00f6p och avtal. Effektivisera processerna och minska kostnaderna med experthj\u00e4lp fr\u00e5n oss.","og_url":"https:\/\/nordicprocurement.se\/da\/tjenester\/interimopgaver\/","og_site_name":"Nordic Procurement","article_modified_time":"2025-01-23T15:40:37+00:00","og_image":[{"width":1200,"height":630,"url":"https:\/\/nordicprocurement.se\/wp-content\/uploads\/2025\/01\/share-image-nordic-procurement-white.jpg","type":"image\/jpeg"}],"twitter_card":"summary_large_image","twitter_misc":{"Est. reading time":"1 minute"},"schema":{"@context":"https:\/\/schema.org","@graph":[{"@type":"WebPage","@id":"https:\/\/nordicprocurement.se\/da\/tjenester\/interimopgaver\/","url":"https:\/\/nordicprocurement.se\/da\/tjenester\/interimopgaver\/","name":"Indk\u00f8bskonsulent til omkostningseffektive indk\u00f8b - Nordic Procurement","isPartOf":{"@id":"https:\/\/nordicprocurement.se\/#website"},"datePublished":"2025-01-03T12:17:52+00:00","dateModified":"2025-01-23T15:40:37+00:00","description":"V\u00e5ra ink\u00f6pskonsulter hj\u00e4lper dig att optimera ink\u00f6p och avtal. Effektivisera processerna och minska kostnaderna med experthj\u00e4lp fr\u00e5n oss.","breadcrumb":{"@id":"https:\/\/nordicprocurement.se\/da\/tjenester\/interimopgaver\/#breadcrumb"},"inLanguage":"da-DK","potentialAction":[{"@type":"ReadAction","target":["https:\/\/nordicprocurement.se\/da\/tjenester\/interimopgaver\/"]}]},{"@type":"BreadcrumbList","@id":"https:\/\/nordicprocurement.se\/da\/tjenester\/interimopgaver\/#breadcrumb","itemListElement":[{"@type":"ListItem","position":1,"name":"Home","item":"https:\/\/nordicprocurement.se\/da\/"},{"@type":"ListItem","position":2,"name":"Tj\u00e4nster (Danish)","item":"https:\/\/nordicprocurement.se\/da\/tjenester\/"},{"@type":"ListItem","position":3,"name":"Interimsuppdrag (Danish)"}]},{"@type":"WebSite","@id":"https:\/\/nordicprocurement.se\/#website","url":"https:\/\/nordicprocurement.se\/","name":"Nordic Procurement","description":"Ink\u00f6p och upphandlingar","publisher":{"@id":"https:\/\/nordicprocurement.se\/#organization"},"potentialAction":[{"@type":"SearchAction","target":{"@type":"EntryPoint","urlTemplate":"https:\/\/nordicprocurement.se\/?s={search_term_string}"},"query-input":{"@type":"PropertyValueSpecification","valueRequired":true,"valueName":"search_term_string"}}],"inLanguage":"da-DK"},{"@type":"Organization","@id":"https:\/\/nordicprocurement.se\/#organization","name":"Nordic Procurement","url":"https:\/\/nordicprocurement.se\/","logo":{"@type":"ImageObject","inLanguage":"da-DK","@id":"https:\/\/nordicprocurement.se\/#\/schema\/logo\/image\/","url":"https:\/\/nordicprocurement.se\/wp-content\/uploads\/2025\/01\/share-image-nordic-procurement-white.jpg","contentUrl":"https:\/\/nordicprocurement.se\/wp-content\/uploads\/2025\/01\/share-image-nordic-procurement-white.jpg","width":1200,"height":630,"caption":"Nordic Procurement"},"image":{"@id":"https:\/\/nordicprocurement.se\/#\/schema\/logo\/image\/"},"sameAs":["https:\/\/www.linkedin.com\/company\/nordic-procurement-ab\/"]}]}},"_links":{"self":[{"href":"https:\/\/nordicprocurement.se\/da\/wp-json\/wp\/v2\/pages\/1645","targetHints":{"allow":["GET"]}}],"collection":[{"href":"https:\/\/nordicprocurement.se\/da\/wp-json\/wp\/v2\/pages"}],"about":[{"href":"https:\/\/nordicprocurement.se\/da\/wp-json\/wp\/v2\/types\/page"}],"author":[{"embeddable":true,"href":"https:\/\/nordicprocurement.se\/da\/wp-json\/wp\/v2\/users\/1"}],"replies":[{"embeddable":true,"href":"https:\/\/nordicprocurement.se\/da\/wp-json\/wp\/v2\/comments?post=1645"}],"version-history":[{"count":3,"href":"https:\/\/nordicprocurement.se\/da\/wp-json\/wp\/v2\/pages\/1645\/revisions"}],"predecessor-version":[{"id":2038,"href":"https:\/\/nordicprocurement.se\/da\/wp-json\/wp\/v2\/pages\/1645\/revisions\/2038"}],"up":[{"embeddable":true,"href":"https:\/\/nordicprocurement.se\/da\/wp-json\/wp\/v2\/pages\/1634"}],"wp:attachment":[{"href":"https:\/\/nordicprocurement.se\/da\/wp-json\/wp\/v2\/media?parent=1645"}],"curies":[{"name":"wp","href":"https:\/\/api.w.org\/{rel}","templated":true}]}}